{"id":2,"date":"2023-01-27T19:08:45","date_gmt":"2023-01-27T18:08:45","guid":{"rendered":"https:\/\/der-fotoblick.de\/?page_id=2"},"modified":"2023-03-21T12:44:16","modified_gmt":"2023-03-21T11:44:16","slug":"beispiel-seite","status":"publish","type":"page","link":"https:\/\/der-fotoblick.de\/","title":{"rendered":"Herzlich Willkommen"},"content":{"rendered":"\n<p class=\"has-normal-font-size\">Gern begr\u00fc\u00dfen wir Sie zum Besuch auf unserer Webseite. Hier dreht sich alles rund um das Thema Fotografie. \u00dcber einen Kontakt mit Ihnen freuen wir uns sehr. Schauen Sie sich um und wenn Fragen sein sollten, stellen Sie diese einfach und direkt, wir versuchen schnellstm\u00f6glich darauf zu antworten.<\/p>\n","protected":false},"excerpt":{"rendered":"<p>Gern begr\u00fc\u00dfen wir Sie zum Besuch auf unserer Webseite. Hier dreht sich alles rund um das Thema Fotografie. \u00dcber einen Kontakt mit Ihnen freuen wir uns sehr. Schauen Sie sich um und wenn Fragen sein sollten, stellen Sie diese einfach und direkt, wir versuchen schnellstm\u00f6glich &hellip; <a href=\"https:\/\/der-fotoblick.de\/\" class=\"more-link\"><span>Continue reading<span class=\"screen-reader-text\">Herzlich Willkommen<\/span><\/span><\/a><\/p>\n","protected":false},"author":1,"featured_media":0,"parent":0,"menu_order":0,"comment_status":"closed","ping_status":"open","template":"","meta":{"rop_custom_images_group":[],"rop_custom_messages_group":[],"rop_publish_now":"initial","rop_publish_now_accounts":[],"rop_publish_now_history":[],"rop_publish_now_status":"pending","footnotes":""},"class_list":["post-2","page","type-page","status-publish","hentry"],"jetpack_sharing_enabled":true,"_links":{"self":[{"href":"https:\/\/der-fotoblick.de\/index.php?rest_route=\/wp\/v2\/pages\/2","targetHints":{"allow":["GET"]}}],"collection":[{"href":"https:\/\/der-fotoblick.de\/index.php?rest_route=\/wp\/v2\/pages"}],"about":[{"href":"https:\/\/der-fotoblick.de\/index.php?rest_route=\/wp\/v2\/types\/page"}],"author":[{"embeddable":true,"href":"https:\/\/der-fotoblick.de\/index.php?rest_route=\/wp\/v2\/users\/1"}],"replies":[{"embeddable":true,"href":"https:\/\/der-fotoblick.de\/index.php?rest_route=%2Fwp%2Fv2%2Fcomments&post=2"}],"version-history":[{"count":3,"href":"https:\/\/der-fotoblick.de\/index.php?rest_route=\/wp\/v2\/pages\/2\/revisions"}],"predecessor-version":[{"id":33,"href":"https:\/\/der-fotoblick.de\/index.php?rest_route=\/wp\/v2\/pages\/2\/revisions\/33"}],"wp:attachment":[{"href":"https:\/\/der-fotoblick.de\/index.php?rest_route=%2Fwp%2Fv2%2Fmedia&parent=2"}],"curies":[{"name":"wp","href":"https:\/\/api.w.org\/{rel}","templated":true}]}}